{"id":146,"date":"2025-09-18T17:17:08","date_gmt":"2025-09-18T15:17:08","guid":{"rendered":"https:\/\/josepjofre.com\/contacte\/"},"modified":"2025-09-22T16:27:50","modified_gmt":"2025-09-22T14:27:50","slug":"contacte","status":"publish","type":"page","link":"https:\/\/josepjofre.com\/es\/contacte\/","title":{"rendered":"Contacto"},"content":{"rendered":"<div class=\"fusion-fullwidth fullwidth-box fusion-builder-row-1 fusion-flex-container has-pattern-background has-mask-background hundred-percent-fullwidth non-hundred-percent-height-scrolling\" style=\"--awb-border-radius-top-left:0px;--awb-border-radius-top-right:0px;--awb-border-radius-bottom-right:0px;--awb-border-radius-bottom-left:0px;--awb-padding-right:0%;--awb-padding-left:0%;--awb-flex-wrap:wrap;\" ><div class=\"fusion-builder-row fusion-row fusion-flex-align-items-center fusion-flex-content-wrap\" style=\"width:104% !important;max-width:104% !important;margin-left: calc(-4% \/ 2 );margin-right: calc(-4% \/ 2 );\"><div class=\"fusion-layout-column fusion_builder_column fusion-builder-column-0 fusion_builder_column_1_2 1_2 fusion-flex-column\" style=\"--awb-padding-top:10%;--awb-padding-right:10%;--awb-padding-bottom:10%;--awb-padding-left:10%;--awb-bg-color:#e4e1dc;--awb-bg-color-hover:#e4e1dc;--awb-bg-size:cover;--awb-width-large:50%;--awb-margin-top-large:0px;--awb-spacing-right-large:3.84%;--awb-margin-bottom-large:0px;--awb-spacing-left-large:3.84%;--awb-width-medium:50%;--awb-order-medium:0;--awb-spacing-right-medium:3.84%;--awb-spacing-left-medium:3.84%;--awb-width-small:100%;--awb-order-small:0;--awb-spacing-right-small:1.92%;--awb-spacing-left-small:1.92%;\"><div class=\"fusion-column-wrapper fusion-column-has-shadow fusion-flex-justify-content-flex-start fusion-content-layout-column\"><div class=\"fusion-title title fusion-title-1 fusion-sep-none fusion-title-text fusion-title-size-one\" style=\"--awb-text-color:#3d3b36;\"><h1 class=\"fusion-title-heading title-heading-left\" style=\"margin:0;\">Contacto<\/h1><\/div><div class=\"fusion-title title fusion-title-2 fusion-sep-none fusion-title-text fusion-title-size-two\"><h2 class=\"fusion-title-heading title-heading-left\" style=\"margin:0;\">\u00bfD\u00f3nde puedes encontrarnos o c\u00f3mo puedes contactar con nosotros?<\/h2><\/div><div class=\"fusion-text fusion-text-1\"><p>Si las creaciones de Mobles L\u2019Art te gustan y querr\u00edas que di\u00e9semos forma a alguna idea a la que llevas tiempo d\u00e1ndole vueltas o quieres que te sorprendamos con alguna de nuestras creaciones, te invitamos a contactar con nosotros.<\/p>\n<p>Si simplemente quieres conocer con m\u00e1s detalle nuestro proceso creativo para saber si podemos llegar a encajar o crear sinergias juntos, tambi\u00e9n os animamos a escribirnos.<\/p>\n<\/div><div class=\"fusion-content-boxes content-boxes columns row fusion-columns-2 fusion-columns-total-3 fusion-content-boxes-1 content-boxes-icon-with-title content-left\" style=\"--awb-title-color:#3d3b36;--awb-margin-top:5%;--awb-hover-accent-color:#3d3b36;--awb-circle-hover-accent-color:#3d3b36;\" data-animationOffset=\"top-into-view\"><div style=\"--awb-backgroundcolor:rgba(255,255,255,0);\" class=\"fusion-column content-box-column content-box-column content-box-column-1 col-lg-6 col-md-6 col-sm-6 fusion-content-box-hover content-box-column-first-in-row\"><div class=\"col content-box-wrapper content-wrapper link-area-link-icon content-icon-wrapper-yes icon-hover-animation-fade\" data-animationOffset=\"top-into-view\"><div class=\"heading icon-left\"><h3 class=\"content-box-heading\" style=\"--h3_typography-font-size:24px;line-height:29px;\">Contacta con nosotros<\/h3><\/div><div class=\"fusion-clearfix\"><\/div><div class=\"content-container\">\n<p>(+34) 938 430 950<br \/>\nhola@josepjofre.com<\/p>\n<\/div><\/div><\/div><div style=\"--awb-backgroundcolor:rgba(255,255,255,0);\" class=\"fusion-column content-box-column content-box-column content-box-column-2 col-lg-6 col-md-6 col-sm-6 fusion-content-box-hover content-box-column-last-in-row\"><div class=\"col content-box-wrapper content-wrapper link-area-link-icon content-icon-wrapper-yes icon-hover-animation-fade\" data-animationOffset=\"top-into-view\"><div class=\"heading icon-left\"><h3 class=\"content-box-heading\" style=\"--h3_typography-font-size:24px;line-height:29px;\">\u00bfD\u00f3nde estamos?<\/h3><\/div><div class=\"fusion-clearfix\"><\/div><div class=\"content-container\">\n<p>C17, KM 25\u2019500 L\u2019Ametlla<br \/>\ndel Vall\u00e8s, 08480,<br \/>\nBarcelona<\/p>\n<\/div><\/div><\/div><div style=\"--awb-backgroundcolor:rgba(255,255,255,0);\" class=\"fusion-column content-box-column content-box-column content-box-column-3 col-lg-6 col-md-6 col-sm-6 fusion-content-box-hover content-box-column-first-in-row content-box-column-last\"><div class=\"col content-box-wrapper content-wrapper link-area-link-icon content-icon-wrapper-yes icon-hover-animation-fade\" data-animationOffset=\"top-into-view\"><div class=\"heading icon-left\"><h3 class=\"content-box-heading\" style=\"--h3_typography-font-size:24px;line-height:29px;\">Siguenos<\/h3><\/div><div class=\"fusion-clearfix\"><\/div><div class=\"content-container\">\n<p>INSTAGRAM<br \/>\nFACEBOOK<\/p>\n<\/div><\/div><\/div><div class=\"fusion-clearfix\"><\/div><\/div><\/div><\/div><div class=\"fusion-layout-column fusion_builder_column fusion-builder-column-1 fusion_builder_column_1_2 1_2 fusion-flex-column\" style=\"--awb-padding-top:5%;--awb-padding-right:5%;--awb-padding-bottom:5%;--awb-padding-left:5%;--awb-bg-size:cover;--awb-width-large:50%;--awb-margin-top-large:0px;--awb-spacing-right-large:3.84%;--awb-margin-bottom-large:20px;--awb-spacing-left-large:3.84%;--awb-width-medium:50%;--awb-order-medium:0;--awb-spacing-right-medium:3.84%;--awb-spacing-left-medium:3.84%;--awb-width-small:100%;--awb-order-small:0;--awb-spacing-right-small:1.92%;--awb-spacing-left-small:1.92%;\"><div class=\"fusion-column-wrapper fusion-column-has-shadow fusion-flex-justify-content-flex-start fusion-content-layout-column\"><div class=\"fusion-title title fusion-title-3 fusion-sep-none fusion-title-text fusion-title-size-three\" style=\"--awb-margin-bottom:5%;\"><h3 class=\"fusion-title-heading title-heading-left\" style=\"margin:0;\">FORMULARIO DE CONTACTO<\/h3><\/div><div class=\"fusion-form fusion-form-builder fusion-form-form-wrapper fusion-form-176\" style=\"--awb-tooltip-text-color:#ffffff;--awb-tooltip-background-color:#333333;--awb-form-border-color:#3d3b36;--awb-form-focus-border-color:#3d3b36;--awb-form-focus-border-hover-color:rgba(61,59,54,0.5);--awb-form-border-radius:0px;\" data-form-id=\"176\" data-config=\"{&quot;form_id&quot;:176,&quot;form_post_id&quot;:176,&quot;post_id&quot;:146,&quot;form_type&quot;:&quot;ajax&quot;,&quot;confirmation_type&quot;:&quot;message&quot;,&quot;redirect_url&quot;:&quot;&quot;,&quot;field_labels&quot;:{&quot;nom&quot;:&quot;&quot;,&quot;telefon&quot;:&quot;&quot;,&quot;cognoms&quot;:&quot;&quot;,&quot;email&quot;:&quot;&quot;,&quot;missatge&quot;:&quot;&quot;,&quot;&quot;:&quot;&quot;},&quot;field_logics&quot;:{&quot;nom&quot;:&quot;&quot;,&quot;telefon&quot;:&quot;&quot;,&quot;cognoms&quot;:&quot;&quot;,&quot;email&quot;:&quot;&quot;,&quot;missatge&quot;:&quot;&quot;,&quot;&quot;:&quot;&quot;,&quot;submit_1&quot;:&quot;&quot;},&quot;field_types&quot;:{&quot;nom&quot;:&quot;text&quot;,&quot;telefon&quot;:&quot;text&quot;,&quot;cognoms&quot;:&quot;text&quot;,&quot;email&quot;:&quot;text&quot;,&quot;missatge&quot;:&quot;textarea&quot;,&quot;&quot;:&quot;checkbox&quot;,&quot;submit_1&quot;:&quot;submit&quot;},&quot;nonce_method&quot;:&quot;ajax&quot;}\"><form action=\"https:\/\/josepjofre.com\/es\/contacte\/\" method=\"post\" class=\"fusion-form fusion-form-176\"><div class=\"fusion-fullwidth fullwidth-box fusion-builder-row-1-1 fusion-flex-container has-pattern-background has-mask-background nonhundred-percent-fullwidth non-hundred-percent-height-scrolling\" style=\"--awb-border-radius-top-left:0px;--awb-border-radius-top-right:0px;--awb-border-radius-bottom-right:0px;--awb-border-radius-bottom-left:0px;--awb-padding-right:0px;--awb-padding-left:0px;--awb-flex-wrap:wrap;\" ><div class=\"fusion-builder-row fusion-row fusion-flex-align-items-flex-start fusion-flex-content-wrap\" style=\"width:104% !important;max-width:104% !important;margin-left: calc(-4% \/ 2 );margin-right: calc(-4% \/ 2 );\"><div class=\"fusion-layout-column fusion_builder_column fusion-builder-column-2 fusion_builder_column_1_2 1_2 fusion-flex-column\" style=\"--awb-bg-size:cover;--awb-width-large:50%;--awb-flex-grow:0;--awb-flex-shrink:0;--awb-margin-top-large:0px;--awb-spacing-right-large:3.84%;--awb-margin-bottom-large:0px;--awb-spacing-left-large:3.84%;--awb-width-medium:50%;--awb-order-medium:0;--awb-flex-grow-medium:0;--awb-flex-shrink-medium:0;--awb-spacing-right-medium:3.84%;--awb-spacing-left-medium:3.84%;--awb-width-small:100%;--awb-order-small:0;--awb-flex-grow-small:0;--awb-flex-shrink-small:0;--awb-spacing-right-small:1.92%;--awb-spacing-left-small:1.92%;\"><div class=\"fusion-column-wrapper fusion-column-has-shadow fusion-flex-justify-content-flex-start fusion-content-layout-column\"><div class=\"fusion-form-field fusion-form-text-field fusion-form-label-above\" style=\"\" data-form-id=\"176\"><input type=\"text\" autocomplete=\"off\" name=\"nom\" id=\"nom\" value=\"\"  class=\"fusion-form-input\" placeholder=\"Nombre \" data-holds-private-data=\"false\" minlength=\"0\"\/><\/div><div class=\"fusion-form-field fusion-form-text-field fusion-form-label-above\" style=\"\" data-form-id=\"176\"><input type=\"text\" autocomplete=\"off\" name=\"telefon\" id=\"telefon\" value=\"\"  class=\"fusion-form-input\" placeholder=\"Tel\u00e9fono de contacto \" data-holds-private-data=\"false\" minlength=\"0\"\/><\/div><\/div><\/div><div class=\"fusion-layout-column fusion_builder_column fusion-builder-column-3 fusion_builder_column_1_2 1_2 fusion-flex-column\" style=\"--awb-bg-size:cover;--awb-width-large:50%;--awb-flex-grow:0;--awb-flex-shrink:0;--awb-margin-top-large:0px;--awb-spacing-right-large:3.84%;--awb-margin-bottom-large:0px;--awb-spacing-left-large:3.84%;--awb-width-medium:50%;--awb-order-medium:0;--awb-flex-grow-medium:0;--awb-flex-shrink-medium:0;--awb-spacing-right-medium:3.84%;--awb-spacing-left-medium:3.84%;--awb-width-small:100%;--awb-order-small:0;--awb-flex-grow-small:0;--awb-flex-shrink-small:0;--awb-spacing-right-small:1.92%;--awb-spacing-left-small:1.92%;\"><div class=\"fusion-column-wrapper fusion-column-has-shadow fusion-flex-justify-content-flex-start fusion-content-layout-column\"><div class=\"fusion-form-field fusion-form-text-field fusion-form-label-above\" style=\"\" data-form-id=\"176\"><input type=\"text\" autocomplete=\"off\" name=\"cognoms\" id=\"cognoms\" value=\"\"  class=\"fusion-form-input\" placeholder=\"Apellidos \" data-holds-private-data=\"false\" minlength=\"0\"\/><\/div><div class=\"fusion-form-field fusion-form-text-field fusion-form-label-above\" style=\"\" data-form-id=\"176\"><input type=\"text\" autocomplete=\"off\" name=\"email\" id=\"email\" value=\"\"  class=\"fusion-form-input\" placeholder=\"Correo electr\u00f3nico \" data-holds-private-data=\"false\" minlength=\"0\"\/><\/div><\/div><\/div><div class=\"fusion-layout-column fusion_builder_column fusion-builder-column-4 fusion_builder_column_1_1 1_1 fusion-flex-column\" style=\"--awb-bg-size:cover;--awb-width-large:100%;--awb-flex-grow:0;--awb-flex-shrink:0;--awb-margin-top-large:0px;--awb-spacing-right-large:1.92%;--awb-margin-bottom-large:0px;--awb-spacing-left-large:1.92%;--awb-width-medium:100%;--awb-order-medium:0;--awb-flex-grow-medium:0;--awb-flex-shrink-medium:0;--awb-spacing-right-medium:1.92%;--awb-spacing-left-medium:1.92%;--awb-width-small:100%;--awb-order-small:0;--awb-flex-grow-small:0;--awb-flex-shrink-small:0;--awb-spacing-right-small:1.92%;--awb-spacing-left-small:1.92%;\"><div class=\"fusion-column-wrapper fusion-column-has-shadow fusion-flex-justify-content-flex-start fusion-content-layout-column\"><div class=\"fusion-form-field fusion-form-textarea-field fusion-form-label-above\" style=\"\" data-form-id=\"176\"><textarea cols=\"40\" autocomplete=\"off\"  minlength=\"0\"  rows=\"2\" tabindex=\"\" id=\"missatge\" name=\"missatge\" class=\"fusion-form-input\" placeholder=\"Mensaje \" data-holds-private-data=\"false\"><\/textarea><\/div><div class=\"fusion-form-field fusion-form-checkbox-field fusion-form-label-above\" style=\"\" data-form-id=\"176\"><fieldset><div class=\"fusion-form-checkbox\"><input tabindex=\"\" id=\"checkbox--1-0\" type=\"checkbox\" value=\"He leido y acepto las pol\u00edticas de privacidad y aviso legal\" name=\"[]\" class=\"fusion-form-input\" required=\"true\" aria-required=\"true\" data-holds-private-data=\"false\"\/><label for=\"checkbox--1-0\">He leido y acepto las pol\u00edticas de privacidad y aviso legal<\/label><\/div><\/fieldset><\/div><div class=\"fusion-form-field fusion-form-submit-field fusion-form-label-above\" style=\"\" data-form-id=\"176\"><div ><button type=\"submit\" class=\"fusion-button button-flat fusion-button-default-size button-custom fusion-button-default button-1 fusion-button-default-span  form-form-submit button-default\" style=\"--button_accent_color:var(--awb-color8);--button_accent_hover_color:var(--awb-color8);--button_border_hover_color:var(--awb-color1);--button-border-radius-top-left:0;--button-border-radius-top-right:0;--button-border-radius-bottom-right:0;--button-border-radius-bottom-left:0;--button_gradient_top_color:#3d3b36;--button_gradient_bottom_color:#3d3b36;--button_gradient_top_color_hover:#e5e5e5;--button_gradient_bottom_color_hover:#e5e5e5;--button_padding-top:2%;--button_padding-right:2%;--button_padding-bottom:2%;--button_padding-left:2%;\" data-form-number=\"176\" tabindex=\"\"><span class=\"fusion-button-text awb-button__text awb-button__text--default\">ENVIAR<\/span><\/button><\/div><\/div><\/div><\/div><\/div><\/div><input type=\"hidden\" name=\"fusion_privacy_store_ip_ua\" value=\"false\"><input type=\"hidden\" name=\"fusion_privacy_expiration_interval\" value=\"48\"><input type=\"hidden\" name=\"privacy_expiration_action\" value=\"anonymize\"><\/form><\/div><\/div><\/div><\/div><\/div>\n","protected":false},"excerpt":{"rendered":"","protected":false},"author":1,"featured_media":0,"parent":0,"menu_order":0,"comment_status":"closed","ping_status":"closed","template":"100-width.php","meta":{"footnotes":""},"class_list":["post-146","page","type-page","status-publish","hentry"],"_links":{"self":[{"href":"https:\/\/josepjofre.com\/es\/wp-json\/wp\/v2\/pages\/146","targetHints":{"allow":["GET"]}}],"collection":[{"href":"https:\/\/josepjofre.com\/es\/wp-json\/wp\/v2\/pages"}],"about":[{"href":"https:\/\/josepjofre.com\/es\/wp-json\/wp\/v2\/types\/page"}],"author":[{"embeddable":true,"href":"https:\/\/josepjofre.com\/es\/wp-json\/wp\/v2\/users\/1"}],"replies":[{"embeddable":true,"href":"https:\/\/josepjofre.com\/es\/wp-json\/wp\/v2\/comments?post=146"}],"version-history":[{"count":3,"href":"https:\/\/josepjofre.com\/es\/wp-json\/wp\/v2\/pages\/146\/revisions"}],"predecessor-version":[{"id":157,"href":"https:\/\/josepjofre.com\/es\/wp-json\/wp\/v2\/pages\/146\/revisions\/157"}],"wp:attachment":[{"href":"https:\/\/josepjofre.com\/es\/wp-json\/wp\/v2\/media?parent=146"}],"curies":[{"name":"wp","href":"https:\/\/api.w.org\/{rel}","templated":true}]}}