{"id":150,"date":"2025-09-18T17:17:08","date_gmt":"2025-09-18T15:17:08","guid":{"rendered":"https:\/\/josepjofre.com\/projectes\/"},"modified":"2025-09-22T16:29:48","modified_gmt":"2025-09-22T14:29:48","slug":"projectes","status":"publish","type":"page","link":"https:\/\/josepjofre.com\/es\/projectes\/","title":{"rendered":"Proyectos"},"content":{"rendered":"<p><div class=\"fusion-fullwidth fullwidth-box fusion-builder-row-1 fusion-flex-container has-pattern-background has-mask-background nonhundred-percent-fullwidth non-hundred-percent-height-scrolling\" style=\"--awb-border-radius-top-left:0px;--awb-border-radius-top-right:0px;--awb-border-radius-bottom-right:0px;--awb-border-radius-bottom-left:0px;--awb-padding-top:15%;--awb-padding-bottom:10%;--awb-background-color:#e4e1dc;--awb-flex-wrap:wrap;\" ><div class=\"fusion-builder-row fusion-row fusion-flex-align-items-center fusion-flex-content-wrap\" style=\"max-width:1248px;margin-left: calc(-4% \/ 2 );margin-right: calc(-4% \/ 2 );\"><div class=\"fusion-layout-column fusion_builder_column fusion-builder-column-0 fusion_builder_column_1_1 1_1 fusion-flex-column\" style=\"--awb-bg-size:cover;--awb-width-large:100%;--awb-margin-top-large:0px;--awb-spacing-right-large:1.92%;--awb-margin-bottom-large:20px;--awb-spacing-left-large:1.92%;--awb-width-medium:100%;--awb-order-medium:0;--awb-spacing-right-medium:1.92%;--awb-spacing-left-medium:1.92%;--awb-width-small:100%;--awb-order-small:0;--awb-spacing-right-small:1.92%;--awb-spacing-left-small:1.92%;\"><div class=\"fusion-column-wrapper fusion-column-has-shadow fusion-flex-justify-content-flex-start fusion-content-layout-column\"><div class=\"fusion-title title fusion-title-1 fusion-sep-none fusion-title-center fusion-title-text fusion-title-size-two\" style=\"--awb-margin-bottom:3%;\"><h2 class=\"fusion-title-heading title-heading-center\" style=\"margin:0;text-transform:uppercase;\">Descubrid el universo creativo de Josep Jofre<\/h2><\/div><div class=\"fusion-text fusion-text-1\"><p style=\"text-align: center;\"><span style=\"font-weight: 400;\">En este espacio pod\u00e9is ver una peque\u00f1a muestra de todo lo que creo en Mobles L\u2019Art. Desde obras de marqueter\u00eda hasta mobiliario o esculturas a medida para proyectos de dise\u00f1o de interiores de lo m\u00e1s sofisticados. Obras por encargo y obras puramente creativas fruto de mi universo personal.\u00a0<\/span><\/p>\n<p style=\"text-align: center;\"><span style=\"font-weight: 400;\">Os invito a viajar a trav\u00e9s de este recopilatorio de obras a las cuales he dado vida desde Mobles L\u2019Art. Si alguna de las obras os remueve, os inspira o bien enciende la chispa necesaria para decidiros a pedir alguna obra para vosotros, \u00a1os invito a escribirme!<\/span><\/p>\n<\/div><\/div><\/div><\/div><\/div><div class=\"fusion-fullwidth fullwidth-box fusion-builder-row-2 fusion-flex-container has-pattern-background has-mask-background hundred-percent-fullwidth non-hundred-percent-height-scrolling\" style=\"--awb-border-radius-top-left:0px;--awb-border-radius-top-right:0px;--awb-border-radius-bottom-right:0px;--awb-border-radius-bottom-left:0px;--awb-padding-top:5%;--awb-padding-bottom:5%;--awb-flex-wrap:wrap;\" ><div class=\"fusion-builder-row fusion-row fusion-flex-align-items-center fusion-flex-content-wrap\" style=\"width:104% !important;max-width:104% !important;margin-left: calc(-4% \/ 2 );margin-right: calc(-4% \/ 2 );\"><div class=\"fusion-layout-column fusion_builder_column fusion-builder-column-1 fusion_builder_column_1_1 1_1 fusion-flex-column\" style=\"--awb-bg-size:cover;--awb-width-large:100%;--awb-margin-top-large:0px;--awb-spacing-right-large:1.92%;--awb-margin-bottom-large:20px;--awb-spacing-left-large:1.92%;--awb-width-medium:100%;--awb-order-medium:0;--awb-spacing-right-medium:1.92%;--awb-spacing-left-medium:1.92%;--awb-width-small:100%;--awb-order-small:0;--awb-spacing-right-small:1.92%;--awb-spacing-left-small:1.92%;\"><div class=\"fusion-column-wrapper fusion-column-has-shadow fusion-flex-justify-content-flex-start fusion-content-layout-column\"><div class=\"awb-gallery-wrapper awb-gallery-wrapper-1 button-span-no\" style=\"--more-btn-alignment:center;\"><div style=\"margin:-25px;--awb-bordersize:0px;\" class=\"fusion-gallery fusion-gallery-container fusion-grid-2 fusion-columns-total-10 fusion-gallery-layout-grid fusion-gallery-1\"><div style=\"padding:25px;\" class=\"fusion-grid-column fusion-gallery-column fusion-gallery-column-2 hover-type-none\"><div class=\"fusion-gallery-image\"><a href=\"https:\/\/josepjofre.com\/wp-content\/uploads\/2025\/09\/mobles-l-art-projectes-7.jpg\" rel=\"noreferrer\" data-rel=\"iLightbox[gallery_image_1]\" class=\"fusion-lightbox\" target=\"_self\"><img decoding=\"async\" src=\"https:\/\/josepjofre.com\/wp-content\/uploads\/2025\/09\/mobles-l-art-projectes-7.jpg\" width=\"1500\" height=\"1124\" alt=\"\" title=\"mobles-l-art-projectes-7\" aria-label=\"mobles-l-art-projectes-7\" class=\"img-responsive wp-image-136\" srcset=\"https:\/\/josepjofre.com\/wp-content\/uploads\/2025\/09\/mobles-l-art-projectes-7-200x150.jpg 200w, https:\/\/josepjofre.com\/wp-content\/uploads\/2025\/09\/mobles-l-art-projectes-7-400x300.jpg 400w, https:\/\/josepjofre.com\/wp-content\/uploads\/2025\/09\/mobles-l-art-projectes-7-600x450.jpg 600w, https:\/\/josepjofre.com\/wp-content\/uploads\/2025\/09\/mobles-l-art-projectes-7-800x599.jpg 800w, https:\/\/josepjofre.com\/wp-content\/uploads\/2025\/09\/mobles-l-art-projectes-7-1200x899.jpg 1200w, https:\/\/josepjofre.com\/wp-content\/uploads\/2025\/09\/mobles-l-art-projectes-7.jpg 1500w\" sizes=\"(min-width: 2200px) 100vw, (min-width: 712px) 588px, (min-width: 640px) 712px, \" \/><\/a><\/div><\/div><div style=\"padding:25px;\" class=\"fusion-grid-column fusion-gallery-column fusion-gallery-column-2 hover-type-none\"><div class=\"fusion-gallery-image\"><a href=\"https:\/\/josepjofre.com\/wp-content\/uploads\/2025\/09\/mobles-l-art-projectes-2.jpg\" rel=\"noreferrer\" data-rel=\"iLightbox[gallery_image_1]\" class=\"fusion-lightbox\" target=\"_self\"><img decoding=\"async\" src=\"https:\/\/josepjofre.com\/wp-content\/uploads\/2025\/09\/mobles-l-art-projectes-2.jpg\" width=\"1500\" height=\"1016\" alt=\"\" title=\"mobles-l-art-projectes-2\" aria-label=\"mobles-l-art-projectes-2\" class=\"img-responsive wp-image-131\" srcset=\"https:\/\/josepjofre.com\/wp-content\/uploads\/2025\/09\/mobles-l-art-projectes-2-200x135.jpg 200w, https:\/\/josepjofre.com\/wp-content\/uploads\/2025\/09\/mobles-l-art-projectes-2-400x271.jpg 400w, https:\/\/josepjofre.com\/wp-content\/uploads\/2025\/09\/mobles-l-art-projectes-2-600x406.jpg 600w, https:\/\/josepjofre.com\/wp-content\/uploads\/2025\/09\/mobles-l-art-projectes-2-800x542.jpg 800w, https:\/\/josepjofre.com\/wp-content\/uploads\/2025\/09\/mobles-l-art-projectes-2-1200x813.jpg 1200w, https:\/\/josepjofre.com\/wp-content\/uploads\/2025\/09\/mobles-l-art-projectes-2.jpg 1500w\" sizes=\"(min-width: 2200px) 100vw, (min-width: 712px) 588px, (min-width: 640px) 712px, \" \/><\/a><\/div><\/div><div class=\"clearfix\"><\/div><div style=\"padding:25px;\" class=\"fusion-grid-column fusion-gallery-column fusion-gallery-column-2 hover-type-none\"><div class=\"fusion-gallery-image\"><a href=\"https:\/\/josepjofre.com\/wp-content\/uploads\/2025\/09\/mobles-l-art-projectes-10.jpg\" rel=\"noreferrer\" data-rel=\"iLightbox[gallery_image_1]\" class=\"fusion-lightbox\" target=\"_self\"><img decoding=\"async\" src=\"https:\/\/josepjofre.com\/wp-content\/uploads\/2025\/09\/mobles-l-art-projectes-10.jpg\" width=\"1500\" height=\"1123\" alt=\"\" title=\"mobles-l-art-projectes-10\" aria-label=\"mobles-l-art-projectes-10\" class=\"img-responsive wp-image-129\" srcset=\"https:\/\/josepjofre.com\/wp-content\/uploads\/2025\/09\/mobles-l-art-projectes-10-200x150.jpg 200w, https:\/\/josepjofre.com\/wp-content\/uploads\/2025\/09\/mobles-l-art-projectes-10-400x299.jpg 400w, https:\/\/josepjofre.com\/wp-content\/uploads\/2025\/09\/mobles-l-art-projectes-10-600x449.jpg 600w, https:\/\/josepjofre.com\/wp-content\/uploads\/2025\/09\/mobles-l-art-projectes-10-800x599.jpg 800w, https:\/\/josepjofre.com\/wp-content\/uploads\/2025\/09\/mobles-l-art-projectes-10-1200x898.jpg 1200w, https:\/\/josepjofre.com\/wp-content\/uploads\/2025\/09\/mobles-l-art-projectes-10.jpg 1500w\" sizes=\"(min-width: 2200px) 100vw, (min-width: 712px) 588px, (min-width: 640px) 712px, \" \/><\/a><\/div><\/div><div style=\"padding:25px;\" class=\"fusion-grid-column fusion-gallery-column fusion-gallery-column-2 hover-type-none\"><div class=\"fusion-gallery-image\"><a href=\"https:\/\/josepjofre.com\/wp-content\/uploads\/2025\/09\/mobles-l-art-projectes-6.jpg\" rel=\"noreferrer\" data-rel=\"iLightbox[gallery_image_1]\" class=\"fusion-lightbox\" target=\"_self\"><img decoding=\"async\" src=\"https:\/\/josepjofre.com\/wp-content\/uploads\/2025\/09\/mobles-l-art-projectes-6.jpg\" width=\"1500\" height=\"1500\" alt=\"\" title=\"mobles-l-art-projectes-6\" aria-label=\"mobles-l-art-projectes-6\" class=\"img-responsive wp-image-135\" srcset=\"https:\/\/josepjofre.com\/wp-content\/uploads\/2025\/09\/mobles-l-art-projectes-6-200x200.jpg 200w, https:\/\/josepjofre.com\/wp-content\/uploads\/2025\/09\/mobles-l-art-projectes-6-400x400.jpg 400w, https:\/\/josepjofre.com\/wp-content\/uploads\/2025\/09\/mobles-l-art-projectes-6-600x600.jpg 600w, https:\/\/josepjofre.com\/wp-content\/uploads\/2025\/09\/mobles-l-art-projectes-6-800x800.jpg 800w, https:\/\/josepjofre.com\/wp-content\/uploads\/2025\/09\/mobles-l-art-projectes-6-1200x1200.jpg 1200w, https:\/\/josepjofre.com\/wp-content\/uploads\/2025\/09\/mobles-l-art-projectes-6.jpg 1500w\" sizes=\"(min-width: 2200px) 100vw, (min-width: 712px) 588px, (min-width: 640px) 712px, \" \/><\/a><\/div><\/div><div class=\"clearfix\"><\/div><div style=\"padding:25px;\" class=\"fusion-grid-column fusion-gallery-column fusion-gallery-column-2 hover-type-none\"><div class=\"fusion-gallery-image\"><a href=\"https:\/\/josepjofre.com\/wp-content\/uploads\/2025\/09\/mobles-l-art-projectes-4.jpg\" rel=\"noreferrer\" data-rel=\"iLightbox[gallery_image_1]\" class=\"fusion-lightbox\" target=\"_self\"><img decoding=\"async\" src=\"https:\/\/josepjofre.com\/wp-content\/uploads\/2025\/09\/mobles-l-art-projectes-4.jpg\" width=\"1500\" height=\"2000\" alt=\"\" title=\"mobles-l-art-projectes-4\" aria-label=\"mobles-l-art-projectes-4\" class=\"img-responsive wp-image-133\" srcset=\"https:\/\/josepjofre.com\/wp-content\/uploads\/2025\/09\/mobles-l-art-projectes-4-200x267.jpg 200w, https:\/\/josepjofre.com\/wp-content\/uploads\/2025\/09\/mobles-l-art-projectes-4-400x533.jpg 400w, https:\/\/josepjofre.com\/wp-content\/uploads\/2025\/09\/mobles-l-art-projectes-4-600x800.jpg 600w, https:\/\/josepjofre.com\/wp-content\/uploads\/2025\/09\/mobles-l-art-projectes-4-800x1067.jpg 800w, https:\/\/josepjofre.com\/wp-content\/uploads\/2025\/09\/mobles-l-art-projectes-4-1200x1600.jpg 1200w, https:\/\/josepjofre.com\/wp-content\/uploads\/2025\/09\/mobles-l-art-projectes-4.jpg 1500w\" sizes=\"(min-width: 2200px) 100vw, (min-width: 712px) 588px, (min-width: 640px) 712px, \" \/><\/a><\/div><\/div><div style=\"padding:25px;\" class=\"fusion-grid-column fusion-gallery-column fusion-gallery-column-2 hover-type-none\"><div class=\"fusion-gallery-image\"><a href=\"https:\/\/josepjofre.com\/wp-content\/uploads\/2025\/09\/mobles-l-art-projectes-1.jpg\" rel=\"noreferrer\" data-rel=\"iLightbox[gallery_image_1]\" class=\"fusion-lightbox\" target=\"_self\"><img decoding=\"async\" src=\"https:\/\/josepjofre.com\/wp-content\/uploads\/2025\/09\/mobles-l-art-projectes-1.jpg\" width=\"1500\" height=\"1125\" alt=\"\" title=\"mobles-l-art-projectes-1\" aria-label=\"mobles-l-art-projectes-1\" class=\"img-responsive wp-image-130\" srcset=\"https:\/\/josepjofre.com\/wp-content\/uploads\/2025\/09\/mobles-l-art-projectes-1-200x150.jpg 200w, https:\/\/josepjofre.com\/wp-content\/uploads\/2025\/09\/mobles-l-art-projectes-1-400x300.jpg 400w, https:\/\/josepjofre.com\/wp-content\/uploads\/2025\/09\/mobles-l-art-projectes-1-600x450.jpg 600w, https:\/\/josepjofre.com\/wp-content\/uploads\/2025\/09\/mobles-l-art-projectes-1-800x600.jpg 800w, https:\/\/josepjofre.com\/wp-content\/uploads\/2025\/09\/mobles-l-art-projectes-1-1200x900.jpg 1200w, https:\/\/josepjofre.com\/wp-content\/uploads\/2025\/09\/mobles-l-art-projectes-1.jpg 1500w\" sizes=\"(min-width: 2200px) 100vw, (min-width: 712px) 588px, (min-width: 640px) 712px, \" \/><\/a><\/div><\/div><div class=\"clearfix\"><\/div><div style=\"padding:25px;\" class=\"fusion-grid-column fusion-gallery-column fusion-gallery-column-2 hover-type-none\"><div class=\"fusion-gallery-image\"><a href=\"https:\/\/josepjofre.com\/wp-content\/uploads\/2025\/09\/mobles-l-art-projectes-5.jpg\" rel=\"noreferrer\" data-rel=\"iLightbox[gallery_image_1]\" class=\"fusion-lightbox\" target=\"_self\"><img decoding=\"async\" src=\"https:\/\/josepjofre.com\/wp-content\/uploads\/2025\/09\/mobles-l-art-projectes-5.jpg\" width=\"1500\" height=\"1500\" alt=\"\" title=\"mobles-l-art-projectes-5\" aria-label=\"mobles-l-art-projectes-5\" class=\"img-responsive wp-image-134\" srcset=\"https:\/\/josepjofre.com\/wp-content\/uploads\/2025\/09\/mobles-l-art-projectes-5-200x200.jpg 200w, https:\/\/josepjofre.com\/wp-content\/uploads\/2025\/09\/mobles-l-art-projectes-5-400x400.jpg 400w, https:\/\/josepjofre.com\/wp-content\/uploads\/2025\/09\/mobles-l-art-projectes-5-600x600.jpg 600w, https:\/\/josepjofre.com\/wp-content\/uploads\/2025\/09\/mobles-l-art-projectes-5-800x800.jpg 800w, https:\/\/josepjofre.com\/wp-content\/uploads\/2025\/09\/mobles-l-art-projectes-5-1200x1200.jpg 1200w, https:\/\/josepjofre.com\/wp-content\/uploads\/2025\/09\/mobles-l-art-projectes-5.jpg 1500w\" sizes=\"(min-width: 2200px) 100vw, (min-width: 712px) 588px, (min-width: 640px) 712px, \" \/><\/a><\/div><\/div><div style=\"padding:25px;\" class=\"fusion-grid-column fusion-gallery-column fusion-gallery-column-2 hover-type-none\"><div class=\"fusion-gallery-image\"><a href=\"https:\/\/josepjofre.com\/wp-content\/uploads\/2025\/09\/mobles-l-art-projectes-9.jpg\" rel=\"noreferrer\" data-rel=\"iLightbox[gallery_image_1]\" class=\"fusion-lightbox\" target=\"_self\"><img decoding=\"async\" src=\"https:\/\/josepjofre.com\/wp-content\/uploads\/2025\/09\/mobles-l-art-projectes-9.jpg\" width=\"1500\" height=\"2000\" alt=\"\" title=\"mobles-l-art-projectes-9\" aria-label=\"mobles-l-art-projectes-9\" class=\"img-responsive wp-image-138\" srcset=\"https:\/\/josepjofre.com\/wp-content\/uploads\/2025\/09\/mobles-l-art-projectes-9-200x267.jpg 200w, https:\/\/josepjofre.com\/wp-content\/uploads\/2025\/09\/mobles-l-art-projectes-9-400x533.jpg 400w, https:\/\/josepjofre.com\/wp-content\/uploads\/2025\/09\/mobles-l-art-projectes-9-600x800.jpg 600w, https:\/\/josepjofre.com\/wp-content\/uploads\/2025\/09\/mobles-l-art-projectes-9-800x1067.jpg 800w, https:\/\/josepjofre.com\/wp-content\/uploads\/2025\/09\/mobles-l-art-projectes-9-1200x1600.jpg 1200w, https:\/\/josepjofre.com\/wp-content\/uploads\/2025\/09\/mobles-l-art-projectes-9.jpg 1500w\" sizes=\"(min-width: 2200px) 100vw, (min-width: 712px) 588px, (min-width: 640px) 712px, \" \/><\/a><\/div><\/div><div class=\"clearfix\"><\/div><div style=\"padding:25px;\" class=\"fusion-grid-column fusion-gallery-column fusion-gallery-column-2 hover-type-none\"><div class=\"fusion-gallery-image\"><a href=\"https:\/\/josepjofre.com\/wp-content\/uploads\/2025\/09\/mobles-l-art-projectes-8.jpg\" rel=\"noreferrer\" data-rel=\"iLightbox[gallery_image_1]\" class=\"fusion-lightbox\" target=\"_self\"><img decoding=\"async\" src=\"https:\/\/josepjofre.com\/wp-content\/uploads\/2025\/09\/mobles-l-art-projectes-8.jpg\" width=\"1500\" height=\"1125\" alt=\"\" title=\"mobles-l-art-projectes-8\" aria-label=\"mobles-l-art-projectes-8\" class=\"img-responsive wp-image-137\" srcset=\"https:\/\/josepjofre.com\/wp-content\/uploads\/2025\/09\/mobles-l-art-projectes-8-200x150.jpg 200w, https:\/\/josepjofre.com\/wp-content\/uploads\/2025\/09\/mobles-l-art-projectes-8-400x300.jpg 400w, https:\/\/josepjofre.com\/wp-content\/uploads\/2025\/09\/mobles-l-art-projectes-8-600x450.jpg 600w, https:\/\/josepjofre.com\/wp-content\/uploads\/2025\/09\/mobles-l-art-projectes-8-800x600.jpg 800w, https:\/\/josepjofre.com\/wp-content\/uploads\/2025\/09\/mobles-l-art-projectes-8-1200x900.jpg 1200w, https:\/\/josepjofre.com\/wp-content\/uploads\/2025\/09\/mobles-l-art-projectes-8.jpg 1500w\" sizes=\"(min-width: 2200px) 100vw, (min-width: 712px) 588px, (min-width: 640px) 712px, \" \/><\/a><\/div><\/div><div style=\"padding:25px;\" class=\"fusion-grid-column fusion-gallery-column fusion-gallery-column-2 hover-type-none\"><div class=\"fusion-gallery-image\"><a href=\"https:\/\/josepjofre.com\/wp-content\/uploads\/2025\/09\/mobles-l-art-projectes-3.jpg\" rel=\"noreferrer\" data-rel=\"iLightbox[gallery_image_1]\" class=\"fusion-lightbox\" target=\"_self\"><img decoding=\"async\" src=\"https:\/\/josepjofre.com\/wp-content\/uploads\/2025\/09\/mobles-l-art-projectes-3.jpg\" width=\"1500\" height=\"1994\" alt=\"\" title=\"mobles-l-art-projectes-3\" aria-label=\"mobles-l-art-projectes-3\" class=\"img-responsive wp-image-132\" srcset=\"https:\/\/josepjofre.com\/wp-content\/uploads\/2025\/09\/mobles-l-art-projectes-3-200x266.jpg 200w, https:\/\/josepjofre.com\/wp-content\/uploads\/2025\/09\/mobles-l-art-projectes-3-400x532.jpg 400w, https:\/\/josepjofre.com\/wp-content\/uploads\/2025\/09\/mobles-l-art-projectes-3-600x798.jpg 600w, https:\/\/josepjofre.com\/wp-content\/uploads\/2025\/09\/mobles-l-art-projectes-3-800x1063.jpg 800w, https:\/\/josepjofre.com\/wp-content\/uploads\/2025\/09\/mobles-l-art-projectes-3-1200x1595.jpg 1200w, https:\/\/josepjofre.com\/wp-content\/uploads\/2025\/09\/mobles-l-art-projectes-3.jpg 1500w\" sizes=\"(min-width: 2200px) 100vw, (min-width: 712px) 588px, (min-width: 640px) 712px, \" \/><\/a><\/div><\/div><div class=\"clearfix\"><\/div><\/div><\/div><\/div><\/div><\/div><\/div><\/p>\n","protected":false},"excerpt":{"rendered":"","protected":false},"author":1,"featured_media":0,"parent":0,"menu_order":0,"comment_status":"closed","ping_status":"closed","template":"100-width.php","meta":{"footnotes":""},"class_list":["post-150","page","type-page","status-publish","hentry"],"_links":{"self":[{"href":"https:\/\/josepjofre.com\/es\/wp-json\/wp\/v2\/pages\/150","targetHints":{"allow":["GET"]}}],"collection":[{"href":"https:\/\/josepjofre.com\/es\/wp-json\/wp\/v2\/pages"}],"about":[{"href":"https:\/\/josepjofre.com\/es\/wp-json\/wp\/v2\/types\/page"}],"author":[{"embeddable":true,"href":"https:\/\/josepjofre.com\/es\/wp-json\/wp\/v2\/users\/1"}],"replies":[{"embeddable":true,"href":"https:\/\/josepjofre.com\/es\/wp-json\/wp\/v2\/comments?post=150"}],"version-history":[{"count":3,"href":"https:\/\/josepjofre.com\/es\/wp-json\/wp\/v2\/pages\/150\/revisions"}],"predecessor-version":[{"id":161,"href":"https:\/\/josepjofre.com\/es\/wp-json\/wp\/v2\/pages\/150\/revisions\/161"}],"wp:attachment":[{"href":"https:\/\/josepjofre.com\/es\/wp-json\/wp\/v2\/media?parent=150"}],"curies":[{"name":"wp","href":"https:\/\/api.w.org\/{rel}","templated":true}]}}