{"id":151,"date":"2025-09-18T17:17:08","date_gmt":"2025-09-18T15:17:08","guid":{"rendered":"https:\/\/josepjofre.com\/qui-soc\/"},"modified":"2025-09-22T16:32:15","modified_gmt":"2025-09-22T14:32:15","slug":"quien-soy","status":"publish","type":"page","link":"https:\/\/josepjofre.com\/es\/quien-soy\/","title":{"rendered":"Quien soy"},"content":{"rendered":"<p><div class=\"fusion-fullwidth fullwidth-box fusion-builder-row-1 fusion-flex-container has-pattern-background has-mask-background nonhundred-percent-fullwidth non-hundred-percent-height-scrolling\" style=\"--awb-border-radius-top-left:0px;--awb-border-radius-top-right:0px;--awb-border-radius-bottom-right:0px;--awb-border-radius-bottom-left:0px;--awb-padding-top:5%;--awb-padding-bottom:5%;--awb-flex-wrap:wrap;\" ><div class=\"fusion-builder-row fusion-row fusion-flex-align-items-center fusion-flex-content-wrap\" style=\"max-width:1248px;margin-left: calc(-4% \/ 2 );margin-right: calc(-4% \/ 2 );\"><div class=\"fusion-layout-column fusion_builder_column fusion-builder-column-0 fusion_builder_column_1_2 1_2 fusion-flex-column\" style=\"--awb-bg-size:cover;--awb-width-large:50%;--awb-margin-top-large:0px;--awb-spacing-right-large:3.84%;--awb-margin-bottom-large:20px;--awb-spacing-left-large:3.84%;--awb-width-medium:50%;--awb-order-medium:0;--awb-spacing-right-medium:3.84%;--awb-spacing-left-medium:3.84%;--awb-width-small:100%;--awb-order-small:0;--awb-spacing-right-small:1.92%;--awb-spacing-left-small:1.92%;\"><div class=\"fusion-column-wrapper fusion-column-has-shadow fusion-flex-justify-content-flex-start fusion-content-layout-column\"><div class=\"fusion-image-element \" style=\"text-align:center;--awb-max-width:80%;--awb-caption-title-font-family:var(--h2_typography-font-family);--awb-caption-title-font-weight:var(--h2_typography-font-weight);--awb-caption-title-font-style:var(--h2_typography-font-style);--awb-caption-title-size:var(--h2_typography-font-size);--awb-caption-title-transform:var(--h2_typography-text-transform);--awb-caption-title-line-height:var(--h2_typography-line-height);--awb-caption-title-letter-spacing:var(--h2_typography-letter-spacing);\"><span class=\" fusion-imageframe imageframe-none imageframe-1 hover-type-none\"><img decoding=\"async\" width=\"800\" height=\"1000\" title=\"mobles-l-art-inici-3\" src=\"https:\/\/josepjofre.com\/wp-content\/uploads\/2025\/09\/mobles-l-art-inici-3.jpg\" alt class=\"img-responsive wp-image-140\" srcset=\"https:\/\/josepjofre.com\/wp-content\/uploads\/2025\/09\/mobles-l-art-inici-3-200x250.jpg 200w, https:\/\/josepjofre.com\/wp-content\/uploads\/2025\/09\/mobles-l-art-inici-3-400x500.jpg 400w, https:\/\/josepjofre.com\/wp-content\/uploads\/2025\/09\/mobles-l-art-inici-3-600x750.jpg 600w, https:\/\/josepjofre.com\/wp-content\/uploads\/2025\/09\/mobles-l-art-inici-3.jpg 800w\" sizes=\"(max-width: 640px) 100vw, 600px\" \/><\/span><\/div><\/div><\/div><div class=\"fusion-layout-column fusion_builder_column fusion-builder-column-1 fusion_builder_column_1_2 1_2 fusion-flex-column\" style=\"--awb-bg-size:cover;--awb-width-large:50%;--awb-margin-top-large:0px;--awb-spacing-right-large:3.84%;--awb-margin-bottom-large:20px;--awb-spacing-left-large:3.84%;--awb-width-medium:50%;--awb-order-medium:0;--awb-spacing-right-medium:3.84%;--awb-spacing-left-medium:3.84%;--awb-width-small:100%;--awb-order-small:0;--awb-spacing-right-small:1.92%;--awb-spacing-left-small:1.92%;\"><div class=\"fusion-column-wrapper fusion-column-has-shadow fusion-flex-justify-content-flex-start fusion-content-layout-column\"><div class=\"fusion-title title fusion-title-1 fusion-sep-none fusion-title-text fusion-title-size-two\"><h2 class=\"fusion-title-heading title-heading-left\" style=\"margin:0;text-transform:uppercase;\">Soy Josep Jofre y \u00a1os quiero dar la bienvenida a Mobles L\u2019Art!<\/h2><\/div><div class=\"fusion-text fusion-text-1\"><p>Desde muy peque\u00f1o que siempre me he sentido atra\u00eddo por todo aquello relacionado con el dibujo y las manualidades. De hecho, creo que todo eso comenz\u00f3 con unos cuadernos de dibujo de bachillerato de mi padre y con los mu\u00f1ecos de barro que me ense\u00f1aba a hacer mi abuela.<\/p>\n<p>Nac\u00ed en Can Reixach, una casa de pay\u00e9s de la Ametlla del Vall\u00e8s el \u00faltimo a\u00f1o de la d\u00e9cada de los 50. La vida en el campo y la oportunidad de tocar, experimentar y crear cosas, hicieron que con tan solo 5 a\u00f1os, cuando me preguntaban qu\u00e9 quer\u00eda ser de mayor, yo dec\u00eda: \u201c\u00a1Ser\u00e9 pintor o pastelero!\u201d.<\/p>\n<\/div><\/div><\/div><\/div><\/div><div class=\"fusion-fullwidth fullwidth-box fusion-builder-row-2 fusion-flex-container has-pattern-background has-mask-background nonhundred-percent-fullwidth non-hundred-percent-height-scrolling\" style=\"--awb-border-radius-top-left:0px;--awb-border-radius-top-right:0px;--awb-border-radius-bottom-right:0px;--awb-border-radius-bottom-left:0px;--awb-padding-top:5%;--awb-padding-bottom:5%;--awb-background-color:#e4e1dc;--awb-flex-wrap:wrap;\" ><div class=\"fusion-builder-row fusion-row fusion-flex-align-items-center fusion-flex-content-wrap\" style=\"max-width:1248px;margin-left: calc(-4% \/ 2 );margin-right: calc(-4% \/ 2 );\"><div class=\"fusion-layout-column fusion_builder_column fusion-builder-column-2 fusion_builder_column_1_1 1_1 fusion-flex-column\" style=\"--awb-bg-size:cover;--awb-width-large:100%;--awb-margin-top-large:0px;--awb-spacing-right-large:1.92%;--awb-margin-bottom-large:20px;--awb-spacing-left-large:1.92%;--awb-width-medium:100%;--awb-order-medium:0;--awb-spacing-right-medium:1.92%;--awb-spacing-left-medium:1.92%;--awb-width-small:100%;--awb-order-small:0;--awb-spacing-right-small:1.92%;--awb-spacing-left-small:1.92%;\"><div class=\"fusion-column-wrapper fusion-column-has-shadow fusion-flex-justify-content-flex-start fusion-content-layout-column\"><div class=\"fusion-title title fusion-title-2 fusion-sep-none fusion-title-center fusion-title-text fusion-title-size-two\" style=\"--awb-margin-bottom:5%;\"><h2 class=\"fusion-title-heading title-heading-center\" style=\"margin:0;text-transform:uppercase;\">La aventura que es aprender el oficio<\/h2><\/div><div class=\"fusion-text fusion-text-2\"><p style=\"text-align: center;\"><span style=\"font-weight: 400;\">Con 15 a\u00f1os entr\u00e9 de aprendiz en un taller de tallas de madera con los tallistas Josep Maria Damunt y Mart\u00edn Saeta, que trabajaban para los ebanistas de la zona de la Garriga.<\/span><\/p>\n<p style=\"text-align: center;\"><span style=\"font-weight: 400;\">Durante mi paso por su taller de tallas me di cuenta de que aquello me gustaba bastante y en el a\u00f1o 1975 entr\u00e9 en la escuela Massana de Barcelona para estudiar escultura.<\/span><\/p>\n<p style=\"text-align: center;\"><span style=\"font-weight: 400;\">Fue en el a\u00f1o 1978 cuando con la ayuda de mi padre y la de los tallistas que me ense\u00f1aron el oficio, abrimos una tienda y un taller de muebles dedicado a la fabricaci\u00f3n de muebles cl\u00e1sicos a medida.<\/span><\/p>\n<p style=\"text-align: center;\"><span style=\"font-weight: 400;\">Esto me permiti\u00f3 que, con el paso de los a\u00f1os, pudiera adentrarme en el fascinante mundo de los estilos de los muebles y el aprendizaje de la ebanister\u00eda, la talla, la marqueter\u00eda y el torneado de madera. Tambi\u00e9n es en este momento cuando naci\u00f3 en m\u00ed la intenci\u00f3n de aplicar estas t\u00e9cnicas artesanales a la creaci\u00f3n de esculturas de madera en un lenguaje m\u00e1s cercano al arte.<\/span><\/p>\n<\/div><\/div><\/div><\/div><\/div><div class=\"fusion-fullwidth fullwidth-box fusion-builder-row-3 fusion-flex-container has-pattern-background has-mask-background hundred-percent-fullwidth non-hundred-percent-height-scrolling\" style=\"--awb-border-radius-top-left:0px;--awb-border-radius-top-right:0px;--awb-border-radius-bottom-right:0px;--awb-border-radius-bottom-left:0px;--awb-padding-top:5%;--awb-padding-bottom:5%;--awb-flex-wrap:wrap;\" ><div class=\"fusion-builder-row fusion-row fusion-flex-align-items-center fusion-flex-content-wrap\" style=\"width:104% !important;max-width:104% !important;margin-left: calc(-4% \/ 2 );margin-right: calc(-4% \/ 2 );\"><div class=\"fusion-layout-column fusion_builder_column fusion-builder-column-3 fusion_builder_column_1_2 1_2 fusion-flex-column\" style=\"--awb-bg-size:cover;--awb-width-large:50%;--awb-margin-top-large:0px;--awb-spacing-right-large:3.84%;--awb-margin-bottom-large:20px;--awb-spacing-left-large:3.84%;--awb-width-medium:50%;--awb-order-medium:0;--awb-spacing-right-medium:3.84%;--awb-spacing-left-medium:3.84%;--awb-width-small:100%;--awb-order-small:0;--awb-spacing-right-small:1.92%;--awb-spacing-left-small:1.92%;\"><div class=\"fusion-column-wrapper fusion-column-has-shadow fusion-flex-justify-content-flex-start fusion-content-layout-column\"><div class=\"fusion-title title fusion-title-3 fusion-sep-none fusion-title-text fusion-title-size-two\"><h2 class=\"fusion-title-heading title-heading-left\" style=\"margin:0;text-transform:uppercase;\">Desde el 78 hasta ahora: m\u00e1s de 40 a\u00f1os creando con madera<\/h2><\/div><div class=\"fusion-text fusion-text-3\"><p><span style=\"font-weight: 400;\">Con el paso del tiempo he llegado a realizar algunos muebles que salen de los est\u00e1ndares habituales y que van desde reproducciones de muebles de estilo barroco, muebles y marqueter\u00edas modernistas y art d\u00e9co a muebles de dise\u00f1o propio.\u00a0<\/span><\/p>\n<p><span style=\"font-weight: 400;\">A lo largo de estos a\u00f1os de trabajo artesanal y constante aprendizaje he ido aplicando mis conocimientos del mundo de la madera a mis propias creaciones art\u00edsticas de escultura y cuadros de marqueter\u00eda y relieves de madera.<\/span><\/p>\n<p><span style=\"font-weight: 400;\">Durante estos m\u00e1s de 40 a\u00f1os de trayectoria he trabajado tanto para particulares como de la mano de diferentes profesionales y dise\u00f1adores como por ejemplo Jaime Hay\u00f3n, con el que he colaborado desde el a\u00f1o 2004 o con interioristas como Toni Espuch del estudio de decoraci\u00f3n Azul Tierra desde el 2013.<\/span><\/p>\n<\/div><\/div><\/div><div class=\"fusion-layout-column fusion_builder_column fusion-builder-column-4 fusion_builder_column_1_2 1_2 fusion-flex-column\" style=\"--awb-bg-size:cover;--awb-width-large:50%;--awb-margin-top-large:0px;--awb-spacing-right-large:3.84%;--awb-margin-bottom-large:20px;--awb-spacing-left-large:3.84%;--awb-width-medium:50%;--awb-order-medium:0;--awb-spacing-right-medium:3.84%;--awb-spacing-left-medium:3.84%;--awb-width-small:100%;--awb-order-small:0;--awb-spacing-right-small:1.92%;--awb-spacing-left-small:1.92%;\"><div class=\"fusion-column-wrapper fusion-column-has-shadow fusion-flex-justify-content-flex-start fusion-content-layout-column\"><div class=\"fusion-image-element \" style=\"text-align:center;--awb-caption-title-font-family:var(--h2_typography-font-family);--awb-caption-title-font-weight:var(--h2_typography-font-weight);--awb-caption-title-font-style:var(--h2_typography-font-style);--awb-caption-title-size:var(--h2_typography-font-size);--awb-caption-title-transform:var(--h2_typography-text-transform);--awb-caption-title-line-height:var(--h2_typography-line-height);--awb-caption-title-letter-spacing:var(--h2_typography-letter-spacing);\"><span class=\" fusion-imageframe imageframe-none imageframe-2 hover-type-none\"><img decoding=\"async\" width=\"2000\" height=\"1500\" title=\"mobles-l-art-inici-2 (1)\" src=\"https:\/\/josepjofre.com\/wp-content\/uploads\/2025\/09\/mobles-l-art-inici-2-1.jpg\" alt class=\"img-responsive wp-image-141\" srcset=\"https:\/\/josepjofre.com\/wp-content\/uploads\/2025\/09\/mobles-l-art-inici-2-1-200x150.jpg 200w, https:\/\/josepjofre.com\/wp-content\/uploads\/2025\/09\/mobles-l-art-inici-2-1-400x300.jpg 400w, https:\/\/josepjofre.com\/wp-content\/uploads\/2025\/09\/mobles-l-art-inici-2-1-600x450.jpg 600w, https:\/\/josepjofre.com\/wp-content\/uploads\/2025\/09\/mobles-l-art-inici-2-1-800x600.jpg 800w, https:\/\/josepjofre.com\/wp-content\/uploads\/2025\/09\/mobles-l-art-inici-2-1-1200x900.jpg 1200w, https:\/\/josepjofre.com\/wp-content\/uploads\/2025\/09\/mobles-l-art-inici-2-1.jpg 2000w\" sizes=\"(max-width: 640px) 100vw, 600px\" \/><\/span><\/div><\/div><\/div><\/div><\/div><\/p>\n","protected":false},"excerpt":{"rendered":"","protected":false},"author":1,"featured_media":0,"parent":0,"menu_order":0,"comment_status":"closed","ping_status":"closed","template":"100-width.php","meta":{"footnotes":""},"class_list":["post-151","page","type-page","status-publish","hentry"],"_links":{"self":[{"href":"https:\/\/josepjofre.com\/es\/wp-json\/wp\/v2\/pages\/151","targetHints":{"allow":["GET"]}}],"collection":[{"href":"https:\/\/josepjofre.com\/es\/wp-json\/wp\/v2\/pages"}],"about":[{"href":"https:\/\/josepjofre.com\/es\/wp-json\/wp\/v2\/types\/page"}],"author":[{"embeddable":true,"href":"https:\/\/josepjofre.com\/es\/wp-json\/wp\/v2\/users\/1"}],"replies":[{"embeddable":true,"href":"https:\/\/josepjofre.com\/es\/wp-json\/wp\/v2\/comments?post=151"}],"version-history":[{"count":3,"href":"https:\/\/josepjofre.com\/es\/wp-json\/wp\/v2\/pages\/151\/revisions"}],"predecessor-version":[{"id":165,"href":"https:\/\/josepjofre.com\/es\/wp-json\/wp\/v2\/pages\/151\/revisions\/165"}],"wp:attachment":[{"href":"https:\/\/josepjofre.com\/es\/wp-json\/wp\/v2\/media?parent=151"}],"curies":[{"name":"wp","href":"https:\/\/api.w.org\/{rel}","templated":true}]}}