{"id":154,"date":"2025-09-18T17:16:55","date_gmt":"2025-09-18T15:16:55","guid":{"rendered":"https:\/\/josepjofre.com\/serveis\/"},"modified":"2025-09-22T16:31:51","modified_gmt":"2025-09-22T14:31:51","slug":"serveis","status":"publish","type":"page","link":"https:\/\/josepjofre.com\/es\/serveis\/","title":{"rendered":"Servicios"},"content":{"rendered":"<p><div class=\"fusion-fullwidth fullwidth-box fusion-builder-row-1 fusion-flex-container has-pattern-background has-mask-background fusion-parallax-none hundred-percent-fullwidth non-hundred-percent-height-scrolling\" style=\"--awb-border-radius-top-left:0px;--awb-border-radius-top-right:0px;--awb-border-radius-bottom-right:0px;--awb-border-radius-bottom-left:0px;--awb-padding-top:15%;--awb-padding-bottom:15%;--awb-background-image:linear-gradient(180deg, rgba(0,0,0,0.2) 0%,rgba(0,0,0,0.2) 100%),url(https:\/\/josepjofre.com\/wp-content\/uploads\/2025\/09\/mobles-l-art-serveis-1.jpg);;--awb-background-size:cover;--awb-flex-wrap:wrap;\" ><div class=\"fusion-builder-row fusion-row fusion-flex-align-items-flex-start fusion-flex-content-wrap\" style=\"width:104% !important;max-width:104% !important;margin-left: calc(-4% \/ 2 );margin-right: calc(-4% \/ 2 );\"><div class=\"fusion-layout-column fusion_builder_column fusion-builder-column-0 fusion_builder_column_1_1 1_1 fusion-flex-column\" style=\"--awb-bg-size:cover;--awb-width-large:100%;--awb-margin-top-large:0px;--awb-spacing-right-large:1.92%;--awb-margin-bottom-large:20px;--awb-spacing-left-large:1.92%;--awb-width-medium:100%;--awb-order-medium:0;--awb-spacing-right-medium:1.92%;--awb-spacing-left-medium:1.92%;--awb-width-small:100%;--awb-order-small:0;--awb-spacing-right-small:1.92%;--awb-spacing-left-small:1.92%;\"><div class=\"fusion-column-wrapper fusion-column-has-shadow fusion-flex-justify-content-flex-start fusion-content-layout-column\"><div class=\"fusion-title title fusion-title-1 fusion-sep-none fusion-title-center fusion-title-text fusion-title-size-one\" style=\"--awb-text-color:var(--awb-color1);\"><h1 class=\"fusion-title-heading title-heading-center\" style=\"margin:0;\">Servicios<\/h1><\/div><\/div><\/div><\/div><\/div><div class=\"fusion-fullwidth fullwidth-box fusion-builder-row-2 fusion-flex-container has-pattern-background has-mask-background nonhundred-percent-fullwidth non-hundred-percent-height-scrolling\" style=\"--awb-border-radius-top-left:0px;--awb-border-radius-top-right:0px;--awb-border-radius-bottom-right:0px;--awb-border-radius-bottom-left:0px;--awb-padding-top:5%;--awb-padding-bottom:5%;--awb-flex-wrap:wrap;\" ><div class=\"fusion-builder-row fusion-row fusion-flex-align-items-center fusion-flex-content-wrap\" style=\"max-width:1248px;margin-left: calc(-4% \/ 2 );margin-right: calc(-4% \/ 2 );\"><div class=\"fusion-layout-column fusion_builder_column fusion-builder-column-1 fusion_builder_column_1_2 1_2 fusion-flex-column\" style=\"--awb-bg-size:cover;--awb-width-large:50%;--awb-margin-top-large:0px;--awb-spacing-right-large:3.84%;--awb-margin-bottom-large:20px;--awb-spacing-left-large:3.84%;--awb-width-medium:50%;--awb-order-medium:0;--awb-spacing-right-medium:3.84%;--awb-spacing-left-medium:3.84%;--awb-width-small:100%;--awb-order-small:0;--awb-spacing-right-small:1.92%;--awb-spacing-left-small:1.92%;\"><div class=\"fusion-column-wrapper fusion-column-has-shadow fusion-flex-justify-content-flex-start fusion-content-layout-column\"><div class=\"fusion-title title fusion-title-2 fusion-sep-none fusion-title-text fusion-title-size-two\"><h2 class=\"fusion-title-heading title-heading-left\" style=\"margin:0;text-transform:uppercase;\">\u00a1Hacemos de trabajar la madera un arte!<\/h2><\/div><div class=\"fusion-text fusion-text-1\"><p><span style=\"font-weight: 400;\">Mobles L\u2019Art no es un taller de carpinter\u00eda convencional. Aqu\u00ed hacemos de la carpinter\u00eda un arte y <\/span><b>fabricamos piezas \u00fanicas y exclusivas que fusionan funcionalidad, dise\u00f1o y arte<\/b><span style=\"font-weight: 400;\">.\u00a0<\/span><\/p>\n<p><span style=\"font-weight: 400;\">Cuando nos preguntan si hacemos mobiliario a medida, la respuesta es s\u00ed, pero no hacemos un mobiliario cualquiera. En Mobles L\u2019Art <\/span><b>trabajamos la madera maciza, <\/b><span style=\"font-weight: 400;\">hacemos <\/span><b>muebles de forma 100% artesanal <\/b><span style=\"font-weight: 400;\">y tambi\u00e9n estamos especializados en las <\/span><b>reproducciones de mobiliario antiguo.<\/b><\/p>\n<p><span style=\"font-weight: 400;\">La <\/span><b>marqueter\u00eda <\/b><span style=\"font-weight: 400;\">\u00a0tambi\u00e9n <\/span><b>es uno de los eslabones de la cadena que forma Mobles L\u2019Art. <\/b><span style=\"font-weight: 400;\">Trabajamos este arte antiguo que consiste en aplicar la madera en estructuras m\u00e1s grandes para conseguir motivos decorativos y ornamentales.<\/span><\/p>\n<p><span style=\"font-weight: 400;\">Algunos creadores, escultores o dise\u00f1adores tambi\u00e9n conf\u00edan en nosotros para <\/span><b>elaborar los prototipos que necesitan desarrollar para dar vida a sus creaciones. <\/b><span style=\"font-weight: 400;\">Desde Mobles L\u2019Art hace a\u00f1os que trabajamos codo con codo con ellos y nos implicamos en su proceso creativo.<\/span><\/p>\n<\/div><\/div><\/div><div class=\"fusion-layout-column fusion_builder_column fusion-builder-column-2 fusion_builder_column_1_2 1_2 fusion-flex-column\" style=\"--awb-bg-size:cover;--awb-width-large:50%;--awb-margin-top-large:0px;--awb-spacing-right-large:3.84%;--awb-margin-bottom-large:20px;--awb-spacing-left-large:3.84%;--awb-width-medium:50%;--awb-order-medium:0;--awb-spacing-right-medium:3.84%;--awb-spacing-left-medium:3.84%;--awb-width-small:100%;--awb-order-small:0;--awb-spacing-right-small:1.92%;--awb-spacing-left-small:1.92%;\"><div class=\"fusion-column-wrapper fusion-column-has-shadow fusion-flex-justify-content-flex-start fusion-content-layout-column\"><div class=\"fusion-image-element \" style=\"text-align:center;--awb-max-width:80%;--awb-caption-title-font-family:var(--h2_typography-font-family);--awb-caption-title-font-weight:var(--h2_typography-font-weight);--awb-caption-title-font-style:var(--h2_typography-font-style);--awb-caption-title-size:var(--h2_typography-font-size);--awb-caption-title-transform:var(--h2_typography-text-transform);--awb-caption-title-line-height:var(--h2_typography-line-height);--awb-caption-title-letter-spacing:var(--h2_typography-letter-spacing);\"><span class=\" fusion-imageframe imageframe-none imageframe-1 hover-type-none\"><img decoding=\"async\" width=\"800\" height=\"1000\" title=\"mobles-l-art-serveis-5\" src=\"https:\/\/josepjofre.com\/wp-content\/uploads\/2025\/09\/mobles-l-art-serveis-5.jpg\" alt class=\"img-responsive wp-image-143\" srcset=\"https:\/\/josepjofre.com\/wp-content\/uploads\/2025\/09\/mobles-l-art-serveis-5-200x250.jpg 200w, https:\/\/josepjofre.com\/wp-content\/uploads\/2025\/09\/mobles-l-art-serveis-5-400x500.jpg 400w, https:\/\/josepjofre.com\/wp-content\/uploads\/2025\/09\/mobles-l-art-serveis-5-600x750.jpg 600w, https:\/\/josepjofre.com\/wp-content\/uploads\/2025\/09\/mobles-l-art-serveis-5.jpg 800w\" sizes=\"(max-width: 640px) 100vw, 600px\" \/><\/span><\/div><\/div><\/div><\/div><\/div><div class=\"fusion-fullwidth fullwidth-box fusion-builder-row-3 fusion-flex-container has-pattern-background has-mask-background nonhundred-percent-fullwidth non-hundred-percent-height-scrolling\" style=\"--awb-border-radius-top-left:0px;--awb-border-radius-top-right:0px;--awb-border-radius-bottom-right:0px;--awb-border-radius-bottom-left:0px;--awb-padding-top:5%;--awb-padding-bottom:5%;--awb-background-color:#e4e1dc;--awb-flex-wrap:wrap;\" ><div class=\"fusion-builder-row fusion-row fusion-flex-align-items-center fusion-flex-content-wrap\" style=\"max-width:1248px;margin-left: calc(-4% \/ 2 );margin-right: calc(-4% \/ 2 );\"><div class=\"fusion-layout-column fusion_builder_column fusion-builder-column-3 fusion_builder_column_1_1 1_1 fusion-flex-column\" style=\"--awb-bg-size:cover;--awb-width-large:100%;--awb-margin-top-large:0px;--awb-spacing-right-large:1.92%;--awb-margin-bottom-large:20px;--awb-spacing-left-large:1.92%;--awb-width-medium:100%;--awb-order-medium:0;--awb-spacing-right-medium:1.92%;--awb-spacing-left-medium:1.92%;--awb-width-small:100%;--awb-order-small:0;--awb-spacing-right-small:1.92%;--awb-spacing-left-small:1.92%;\"><div class=\"fusion-column-wrapper fusion-column-has-shadow fusion-flex-justify-content-flex-start fusion-content-layout-column\"><div class=\"fusion-title title fusion-title-3 fusion-sep-none fusion-title-text fusion-title-size-two\" style=\"--awb-text-color:#3d3b36;--awb-font-size:60px;\"><h2 class=\"fusion-title-heading title-heading-left\" style=\"margin:0;font-size:1em;\">El taller de Mobles L\u2019Art es mucho m\u00e1s que un simple taller, \u00a1es un espacio en el que brota creatividad y arte!<\/h2><\/div><\/div><\/div><\/div><\/div><div class=\"fusion-fullwidth fullwidth-box fusion-builder-row-4 fusion-flex-container has-pattern-background has-mask-background nonhundred-percent-fullwidth non-hundred-percent-height-scrolling\" style=\"--awb-border-radius-top-left:0px;--awb-border-radius-top-right:0px;--awb-border-radius-bottom-right:0px;--awb-border-radius-bottom-left:0px;--awb-padding-top:5%;--awb-padding-bottom:5%;--awb-flex-wrap:wrap;\" ><div class=\"fusion-builder-row fusion-row fusion-flex-align-items-center fusion-flex-content-wrap\" style=\"max-width:1248px;margin-left: calc(-4% \/ 2 );margin-right: calc(-4% \/ 2 );\"><div class=\"fusion-layout-column fusion_builder_column fusion-builder-column-4 fusion_builder_column_1_2 1_2 fusion-flex-column\" style=\"--awb-bg-size:cover;--awb-width-large:50%;--awb-margin-top-large:0px;--awb-spacing-right-large:3.84%;--awb-margin-bottom-large:20px;--awb-spacing-left-large:3.84%;--awb-width-medium:50%;--awb-order-medium:0;--awb-spacing-right-medium:3.84%;--awb-spacing-left-medium:3.84%;--awb-width-small:100%;--awb-order-small:0;--awb-spacing-right-small:1.92%;--awb-spacing-left-small:1.92%;\"><div class=\"fusion-column-wrapper fusion-column-has-shadow fusion-flex-justify-content-flex-start fusion-content-layout-column\"><div class=\"fusion-image-element \" style=\"text-align:center;--awb-max-width:80%;--awb-caption-title-font-family:var(--h2_typography-font-family);--awb-caption-title-font-weight:var(--h2_typography-font-weight);--awb-caption-title-font-style:var(--h2_typography-font-style);--awb-caption-title-size:var(--h2_typography-font-size);--awb-caption-title-transform:var(--h2_typography-text-transform);--awb-caption-title-line-height:var(--h2_typography-line-height);--awb-caption-title-letter-spacing:var(--h2_typography-letter-spacing);\"><span class=\" fusion-imageframe imageframe-none imageframe-2 hover-type-none\"><img decoding=\"async\" width=\"800\" height=\"1000\" title=\"mobles-l-art-serveis-6\" src=\"https:\/\/josepjofre.com\/wp-content\/uploads\/2025\/09\/mobles-l-art-serveis-6.jpg\" alt class=\"img-responsive wp-image-144\" srcset=\"https:\/\/josepjofre.com\/wp-content\/uploads\/2025\/09\/mobles-l-art-serveis-6-200x250.jpg 200w, https:\/\/josepjofre.com\/wp-content\/uploads\/2025\/09\/mobles-l-art-serveis-6-400x500.jpg 400w, https:\/\/josepjofre.com\/wp-content\/uploads\/2025\/09\/mobles-l-art-serveis-6-600x750.jpg 600w, https:\/\/josepjofre.com\/wp-content\/uploads\/2025\/09\/mobles-l-art-serveis-6.jpg 800w\" sizes=\"(max-width: 640px) 100vw, 600px\" \/><\/span><\/div><\/div><\/div><div class=\"fusion-layout-column fusion_builder_column fusion-builder-column-5 fusion_builder_column_1_2 1_2 fusion-flex-column\" style=\"--awb-bg-size:cover;--awb-width-large:50%;--awb-margin-top-large:0px;--awb-spacing-right-large:3.84%;--awb-margin-bottom-large:20px;--awb-spacing-left-large:3.84%;--awb-width-medium:50%;--awb-order-medium:0;--awb-spacing-right-medium:3.84%;--awb-spacing-left-medium:3.84%;--awb-width-small:100%;--awb-order-small:0;--awb-spacing-right-small:1.92%;--awb-spacing-left-small:1.92%;\"><div class=\"fusion-column-wrapper fusion-column-has-shadow fusion-flex-justify-content-flex-start fusion-content-layout-column\"><div class=\"fusion-title title fusion-title-4 fusion-sep-none fusion-title-text fusion-title-size-two\"><h2 class=\"fusion-title-heading title-heading-left\" style=\"margin:0;text-transform:uppercase;\">Si buscas un mueble cl\u00e1sico, exclusivo y especial, puedes encontrarlo en nuestra tienda<\/h2><\/div><div class=\"fusion-text fusion-text-2\"><p>En nuestro taller tenemos un peque\u00f1o espacio destinado a tienda en el que pod\u00e9is encontrar muebles cl\u00e1sicos, de lo m\u00e1s exclusivos, casi obras de arte, por si os apetece comprarlos.<\/p>\n<\/div><\/div><\/div><\/div><\/div><\/p>\n","protected":false},"excerpt":{"rendered":"","protected":false},"author":1,"featured_media":0,"parent":0,"menu_order":0,"comment_status":"closed","ping_status":"closed","template":"100-width.php","meta":{"footnotes":""},"class_list":["post-154","page","type-page","status-publish","hentry"],"_links":{"self":[{"href":"https:\/\/josepjofre.com\/es\/wp-json\/wp\/v2\/pages\/154","targetHints":{"allow":["GET"]}}],"collection":[{"href":"https:\/\/josepjofre.com\/es\/wp-json\/wp\/v2\/pages"}],"about":[{"href":"https:\/\/josepjofre.com\/es\/wp-json\/wp\/v2\/types\/page"}],"author":[{"embeddable":true,"href":"https:\/\/josepjofre.com\/es\/wp-json\/wp\/v2\/users\/1"}],"replies":[{"embeddable":true,"href":"https:\/\/josepjofre.com\/es\/wp-json\/wp\/v2\/comments?post=154"}],"version-history":[{"count":3,"href":"https:\/\/josepjofre.com\/es\/wp-json\/wp\/v2\/pages\/154\/revisions"}],"predecessor-version":[{"id":164,"href":"https:\/\/josepjofre.com\/es\/wp-json\/wp\/v2\/pages\/154\/revisions\/164"}],"wp:attachment":[{"href":"https:\/\/josepjofre.com\/es\/wp-json\/wp\/v2\/media?parent=154"}],"curies":[{"name":"wp","href":"https:\/\/api.w.org\/{rel}","templated":true}]}}